{"id":129,"date":"2023-10-04T19:17:32","date_gmt":"2023-10-04T17:17:32","guid":{"rendered":"https:\/\/lessartsdelimoy.be\/?page_id=129"},"modified":"2023-11-11T22:36:44","modified_gmt":"2023-11-11T21:36:44","slug":"les-loisirs-autour-du-gite","status":"publish","type":"page","link":"https:\/\/lessartsdelimoy.be\/index.php\/les-loisirs-autour-du-gite\/","title":{"rendered":"Les loisirs autour du g\u00eete"},"content":{"rendered":"\n<p>Etant \u00e0 mi-chemin entre la capitale de Bruxelles et les Ardennes, ainsi que la r\u00e9gion de Li\u00e8ge \u00e0 Mons, il y a de nombreuses activit\u00e9s \u00e0 d\u00e9couvrir.<\/p>\n\n\n\n<p>Quelques exemples :<\/p>\n\n\n\n<div class=\"wp-block-group\"><div class=\"wp-block-group__inner-container is-layout-constrained wp-block-group-is-layout-constrained\">\n<div class=\"wp-block-group is-vertical is-content-justification-center is-layout-flex wp-container-core-group-is-layout-4b2eccd6 wp-block-group-is-layout-flex\">\n<p class=\"has-text-align-center\"><a href=\"https:\/\/www.landventures.be\/\">Paintball<\/a> tout proche \u00e0 5340 Mozet rue Bois Wiame 2<\/p>\n\n\n\n<p class=\"has-text-align-center\">Egalement sur ce site : <a href=\"https:\/\/surv-event.be\/\">op\u00e9ration survie by surv&rsquo;event<\/a><\/p>\n\n\n\n<p class=\"has-text-align-center\">Parc d&rsquo;attraction de <a href=\"https:\/\/www.walibi.be\/fr\">Walibi<\/a> et <a href=\"https:\/\/www.aqualibi.be\/fr\">Aqualibi<\/a> \u00e0 Wavre<\/p>\n\n\n\n<p class=\"has-text-align-center\"><a href=\"https:\/\/www.aventureparc.be\/fr\">Aventure Parc<\/a> \u00e0 Wavre<\/p>\n\n\n\n<p class=\"has-text-align-center\">Parc animalier <a href=\"https:\/\/www.pairidaiza.eu\/fr\">Pairi Daiza<\/a> \u00e0 Brugelette<\/p>\n\n\n\n<p class=\"has-text-align-center\"><a href=\"http:\/\/www.mondesauvage.be\/\">Monde sauvage Safari Parc <\/a>\u00e0 Aywaille<\/p>\n\n\n\n<p class=\"has-text-align-center\"><a href=\"https:\/\/www.plopsaqua.be\/fr\/\">Plopsaqua<\/a> Hannut-Landen \u00e0 Hannut<\/p>\n\n\n\n<p class=\"has-text-align-center\"><a href=\"https:\/\/www.plopsacoo.be\/fr\">Plopsa Coo<\/a> \u00e0 Stavelot<\/p>\n\n\n\n<p class=\"has-text-align-center\"><a href=\"https:\/\/www.eurospacecenter.be\/fr\/\">Euro Space Center <\/a>\u00e0 Libin<\/p>\n\n\n\n<p class=\"has-text-align-center\"><a href=\"https:\/\/grotte-de-han.be\/\">Domaine des Grottes de Han<\/a> \u00e0 Rochefort<\/p>\n\n\n\n<p class=\"has-text-align-center\"><a href=\"https:\/\/www.dinant-evasion.be\/fr\/dinant-aventure\">Dinant Aventure <\/a>\u00e0 Dinant<\/p>\n\n\n\n<p class=\"has-text-align-center\"><a href=\"https:\/\/www.adventure-valley.be\/\">Adventure Valley <\/a>\u00e0 Durbuy<\/p>\n\n\n\n<p class=\"has-text-align-center\"><a href=\"https:\/\/montmosan.be\/\">Le Mont Mosan<\/a> \u00e0 Huy<\/p>\n\n\n\n<p class=\"has-text-align-center\"><a href=\"https:\/\/www.lacdebambois.be\/\">Lac de Bambois <\/a>\u00e0 Fosses-La-Ville<\/p>\n\n\n\n<p class=\"has-text-align-center\"><a href=\"http:\/\/www.domainedechevetogne.be\/\">Domaine Provincial<\/a> de Chevetogne<\/p>\n<\/div>\n<\/div><\/div>\n","protected":false},"excerpt":{"rendered":"<p>Etant \u00e0 mi-chemin entre la capitale de Bruxelles et les Ardennes, ainsi que la r\u00e9gion de Li\u00e8ge \u00e0 Mons, il y a de nombreuses activit\u00e9s \u00e0 d\u00e9couvrir. Quelques exemples : Paintball tout proche \u00e0 5340 Mozet rue Bois Wiame 2 Egalement sur ce site : op\u00e9ration survie by surv&rsquo;event Parc d&rsquo;attraction de Walibi et Aqualibi &hellip; <\/p>\n<p class=\"link-more\"><a href=\"https:\/\/lessartsdelimoy.be\/index.php\/les-loisirs-autour-du-gite\/\" class=\"more-link\">Continuer la lecture<span class=\"screen-reader-text\"> de &laquo;&nbsp;Les loisirs autour du g\u00eete&nbsp;&raquo;<\/span><\/a><\/p>\n","protected":false},"author":1,"featured_media":0,"parent":0,"menu_order":0,"comment_status":"closed","ping_status":"closed","template":"","meta":{"ngg_post_thumbnail":0,"footnotes":""},"class_list":["post-129","page","type-page","status-publish","hentry"],"aioseo_notices":[],"_links":{"self":[{"href":"https:\/\/lessartsdelimoy.be\/index.php\/wp-json\/wp\/v2\/pages\/129","targetHints":{"allow":["GET"]}}],"collection":[{"href":"https:\/\/lessartsdelimoy.be\/index.php\/wp-json\/wp\/v2\/pages"}],"about":[{"href":"https:\/\/lessartsdelimoy.be\/index.php\/wp-json\/wp\/v2\/types\/page"}],"author":[{"embeddable":true,"href":"https:\/\/lessartsdelimoy.be\/index.php\/wp-json\/wp\/v2\/users\/1"}],"replies":[{"embeddable":true,"href":"https:\/\/lessartsdelimoy.be\/index.php\/wp-json\/wp\/v2\/comments?post=129"}],"version-history":[{"count":3,"href":"https:\/\/lessartsdelimoy.be\/index.php\/wp-json\/wp\/v2\/pages\/129\/revisions"}],"predecessor-version":[{"id":408,"href":"https:\/\/lessartsdelimoy.be\/index.php\/wp-json\/wp\/v2\/pages\/129\/revisions\/408"}],"wp:attachment":[{"href":"https:\/\/lessartsdelimoy.be\/index.php\/wp-json\/wp\/v2\/media?parent=129"}],"curies":[{"name":"wp","href":"https:\/\/api.w.org\/{rel}","templated":true}]}}